{"id":2512,"date":"2023-08-15T12:41:01","date_gmt":"2023-08-15T12:41:01","guid":{"rendered":"https:\/\/pixelgrafic.net\/product\/cyberpower-ryzen-5-8gb-500gb-amd-gaming-pc\/"},"modified":"2023-08-15T12:41:01","modified_gmt":"2023-08-15T12:41:01","slug":"cyberpower-ryzen-5-8gb-500gb-amd-gaming-pc","status":"publish","type":"product","link":"https:\/\/pixelgrafic.net\/es\/producto\/cyberpower-ryzen-5-8gb-500gb-amd-gaming-pc\/","title":{"rendered":"Cyberpower Ryzen 5 8GB 500GB AMD Gaming PC"},"content":{"rendered":"<p>Este sistema gaming entusiasta cuenta con un procesador AMD Ryzen 5 4600G, 8GB de RAM DDR4 a 2400MHz, y 500GB completos de almacenamiento NVMe ultrarr\u00e1pido. Viene en una caja gaming Cyberpower PC Eurus completa con x4 ventiladores Cyberpower ARGB con control remoto. <\/p>\n<p>N\u00famero de modelo: ARG010118.<\/p>\n<p>N\u00famero de pieza: ARG010118.<\/p>\n<p>El AMD Ryzen 5 4600G es un procesador de escritorio con 6 n\u00facleos, 12 hilos. Forma parte de la l\u00ednea Ryzen 5, utilizando la arquitectura Zen 2 (Renoir) con Socket AM4. El Ryzen 5 4600G tiene 8MB de cach\u00e9 L3 y opera a 3.7 GHz por defecto, pero puede aumentar hasta 4.2 GHz, dependiendo de la carga de trabajo.  <\/p>\n","protected":false},"excerpt":{"rendered":"<p>Este sistema gaming entusiasta cuenta con un procesador AMD Ryzen 5 4600G, 8GB de RAM DDR4 a 2400MHz, y 500GB completos de almacenamiento NVMe ultrarr\u00e1pido. Viene en una caja gaming Cyberpower PC Eurus completa con x4 ventiladores Cyberpower ARGB con control remoto. N\u00famero de modelo: ARG010118. N\u00famero de pieza: ARG010118. El AMD Ryzen 5 4600G [&hellip;]<\/p>\n","protected":false},"featured_media":2229,"comment_status":"open","ping_status":"closed","template":"","meta":{"_coblocks_attr":"","_coblocks_dimensions":"","_coblocks_responsive_height":"","_coblocks_accordion_ie_support":"","site-sidebar-layout":"default","site-content-layout":"","ast-site-content-layout":"default","site-content-style":"default","site-sidebar-style":"default","ast-global-header-display":"","ast-banner-title-visibility":"","ast-main-header-display":"","ast-hfb-above-header-display":"","ast-hfb-below-header-display":"","ast-hfb-mobile-header-display":"","site-post-title":"","ast-breadcrumbs-content":"","ast-featured-img":"","footer-sml-layout":"","ast-disable-related-posts":"","theme-transparent-header-meta":"","adv-header-id-meta":"","stick-header-meta":"","header-above-stick-meta":"","header-main-stick-meta":"","header-below-stick-meta":"","astra-migrate-meta-layouts":"default","ast-page-background-enabled":"default","ast-page-background-meta":{"desktop":{"background-color":"","background-image":"","background-repeat":"repeat","background-position":"center center","background-size":"auto","background-attachment":"scroll","background-type":"","background-media":"","overlay-type":"","overlay-color":"","overlay-opacity":"","overlay-gradient":""},"tablet":{"background-color":"","background-image":"","background-repeat":"repeat","background-position":"center center","background-size":"auto","background-attachment":"scroll","background-type":"","background-media":"","overlay-type":"","overlay-color":"","overlay-opacity":"","overlay-gradient":""},"mobile":{"background-color":"","background-image":"","background-repeat":"repeat","background-position":"center center","background-size":"auto","background-attachment":"scroll","background-type":"","background-media":"","overlay-type":"","overlay-color":"","overlay-opacity":"","overlay-gradient":""}},"ast-content-background-meta":{"desktop":{"background-color":"var(--ast-global-color-5)","background-image":"","background-repeat":"repeat","background-position":"center center","background-size":"auto","background-attachment":"scroll","background-type":"","background-media":"","overlay-type":"","overlay-color":"","overlay-opacity":"","overlay-gradient":""},"tablet":{"background-color":"var(--ast-global-color-5)","background-image":"","background-repeat":"repeat","background-position":"center center","background-size":"auto","background-attachment":"scroll","background-type":"","background-media":"","overlay-type":"","overlay-color":"","overlay-opacity":"","overlay-gradient":""},"mobile":{"background-color":"var(--ast-global-color-5)","background-image":"","background-repeat":"repeat","background-position":"center center","background-size":"auto","background-attachment":"scroll","background-type":"","background-media":"","overlay-type":"","overlay-color":"","overlay-opacity":"","overlay-gradient":""}}},"product_brand":[],"product_cat":[71],"product_tag":[],"class_list":{"0":"post-2512","1":"product","2":"type-product","3":"status-publish","4":"has-post-thumbnail","6":"product_cat-ordenador-de-sobremesa","7":"desktop-align-left","8":"tablet-align-left","9":"mobile-align-left","11":"first","12":"instock","13":"shipping-taxable","14":"purchasable","15":"product-type-simple"},"_links":{"self":[{"href":"https:\/\/pixelgrafic.net\/es\/wp-json\/wp\/v2\/product\/2512","targetHints":{"allow":["GET"]}}],"collection":[{"href":"https:\/\/pixelgrafic.net\/es\/wp-json\/wp\/v2\/product"}],"about":[{"href":"https:\/\/pixelgrafic.net\/es\/wp-json\/wp\/v2\/types\/product"}],"replies":[{"embeddable":true,"href":"https:\/\/pixelgrafic.net\/es\/wp-json\/wp\/v2\/comments?post=2512"}],"wp:featuredmedia":[{"embeddable":true,"href":"https:\/\/pixelgrafic.net\/es\/wp-json\/wp\/v2\/media\/2229"}],"wp:attachment":[{"href":"https:\/\/pixelgrafic.net\/es\/wp-json\/wp\/v2\/media?parent=2512"}],"wp:term":[{"taxonomy":"product_brand","embeddable":true,"href":"https:\/\/pixelgrafic.net\/es\/wp-json\/wp\/v2\/product_brand?post=2512"},{"taxonomy":"product_cat","embeddable":true,"href":"https:\/\/pixelgrafic.net\/es\/wp-json\/wp\/v2\/product_cat?post=2512"},{"taxonomy":"product_tag","embeddable":true,"href":"https:\/\/pixelgrafic.net\/es\/wp-json\/wp\/v2\/product_tag?post=2512"}],"curies":[{"name":"wp","href":"https:\/\/api.w.org\/{rel}","templated":true}]}}