{"id":2518,"date":"2023-08-15T12:41:01","date_gmt":"2023-08-15T12:41:01","guid":{"rendered":"https:\/\/pixelgrafic.net\/product\/lenovo-ideacentre-5-ryzen-5-16gb-512gb-rx-6500xt-gaming-pc\/"},"modified":"2023-08-15T12:41:01","modified_gmt":"2023-08-15T12:41:01","slug":"lenovo-ideacentre-5-ryzen-5-16gb-512gb-rx-6500xt-gaming-pc","status":"publish","type":"product","link":"https:\/\/pixelgrafic.net\/es\/producto\/lenovo-ideacentre-5-ryzen-5-16gb-512gb-rx-6500xt-gaming-pc\/","title":{"rendered":"Lenovo IdeaCentre 5 Ryzen 5 16GB 512GB RX 6500XT Gaming PC"},"content":{"rendered":"<p>Consigue tu billete expr\u00e9s dorado para jugar con el IdeaCentre Gaming 5, incre\u00edblemente potente, impulsado por el procesador de alto rendimiento AMD Ryzen de la serie 5000 y con una capacidad de actualizaci\u00f3n a prueba de futuro para que tu sistema se mantenga en las grandes ligas durante a\u00f1os. Mant\u00e9n tu estaci\u00f3n de batalla fresca y con un aspecto relajado gracias a la est\u00e9tica pr\u00e1ctica del gran chasis de 17 litros con detalles de iluminaci\u00f3n azul a lo largo de los biseles y patrones de rayas 2D\/3D a lo largo de la parte frontal para mejorar la ventilaci\u00f3n. <\/p>\n<p>Model number:90TQ0068UK.<\/p>\n<p>Part number: 90TQ0068UK.<\/p>\n","protected":false},"excerpt":{"rendered":"<p>Consigue tu billete expr\u00e9s dorado para jugar con el IdeaCentre Gaming 5, incre\u00edblemente potente, impulsado por el procesador de alto rendimiento AMD Ryzen de la serie 5000 y con una capacidad de actualizaci\u00f3n a prueba de futuro para que tu sistema se mantenga en las grandes ligas durante a\u00f1os. Mant\u00e9n tu estaci\u00f3n de batalla fresca [&hellip;]<\/p>\n","protected":false},"featured_media":2228,"comment_status":"open","ping_status":"closed","template":"","meta":{"_coblocks_attr":"","_coblocks_dimensions":"","_coblocks_responsive_height":"","_coblocks_accordion_ie_support":"","site-sidebar-layout":"default","site-content-layout":"","ast-site-content-layout":"default","site-content-style":"default","site-sidebar-style":"default","ast-global-header-display":"","ast-banner-title-visibility":"","ast-main-header-display":"","ast-hfb-above-header-display":"","ast-hfb-below-header-display":"","ast-hfb-mobile-header-display":"","site-post-title":"","ast-breadcrumbs-content":"","ast-featured-img":"","footer-sml-layout":"","ast-disable-related-posts":"","theme-transparent-header-meta":"","adv-header-id-meta":"","stick-header-meta":"","header-above-stick-meta":"","header-main-stick-meta":"","header-below-stick-meta":"","astra-migrate-meta-layouts":"default","ast-page-background-enabled":"default","ast-page-background-meta":{"desktop":{"background-color":"","background-image":"","background-repeat":"repeat","background-position":"center center","background-size":"auto","background-attachment":"scroll","background-type":"","background-media":"","overlay-type":"","overlay-color":"","overlay-opacity":"","overlay-gradient":""},"tablet":{"background-color":"","background-image":"","background-repeat":"repeat","background-position":"center center","background-size":"auto","background-attachment":"scroll","background-type":"","background-media":"","overlay-type":"","overlay-color":"","overlay-opacity":"","overlay-gradient":""},"mobile":{"background-color":"","background-image":"","background-repeat":"repeat","background-position":"center center","background-size":"auto","background-attachment":"scroll","background-type":"","background-media":"","overlay-type":"","overlay-color":"","overlay-opacity":"","overlay-gradient":""}},"ast-content-background-meta":{"desktop":{"background-color":"var(--ast-global-color-5)","background-image":"","background-repeat":"repeat","background-position":"center center","background-size":"auto","background-attachment":"scroll","background-type":"","background-media":"","overlay-type":"","overlay-color":"","overlay-opacity":"","overlay-gradient":""},"tablet":{"background-color":"var(--ast-global-color-5)","background-image":"","background-repeat":"repeat","background-position":"center center","background-size":"auto","background-attachment":"scroll","background-type":"","background-media":"","overlay-type":"","overlay-color":"","overlay-opacity":"","overlay-gradient":""},"mobile":{"background-color":"var(--ast-global-color-5)","background-image":"","background-repeat":"repeat","background-position":"center center","background-size":"auto","background-attachment":"scroll","background-type":"","background-media":"","overlay-type":"","overlay-color":"","overlay-opacity":"","overlay-gradient":""}}},"product_brand":[],"product_cat":[71],"product_tag":[],"class_list":{"0":"post-2518","1":"product","2":"type-product","3":"status-publish","4":"has-post-thumbnail","6":"product_cat-ordenador-de-sobremesa","7":"desktop-align-left","8":"tablet-align-left","9":"mobile-align-left","11":"first","12":"instock","13":"shipping-taxable","14":"purchasable","15":"product-type-simple"},"_links":{"self":[{"href":"https:\/\/pixelgrafic.net\/es\/wp-json\/wp\/v2\/product\/2518","targetHints":{"allow":["GET"]}}],"collection":[{"href":"https:\/\/pixelgrafic.net\/es\/wp-json\/wp\/v2\/product"}],"about":[{"href":"https:\/\/pixelgrafic.net\/es\/wp-json\/wp\/v2\/types\/product"}],"replies":[{"embeddable":true,"href":"https:\/\/pixelgrafic.net\/es\/wp-json\/wp\/v2\/comments?post=2518"}],"wp:featuredmedia":[{"embeddable":true,"href":"https:\/\/pixelgrafic.net\/es\/wp-json\/wp\/v2\/media\/2228"}],"wp:attachment":[{"href":"https:\/\/pixelgrafic.net\/es\/wp-json\/wp\/v2\/media?parent=2518"}],"wp:term":[{"taxonomy":"product_brand","embeddable":true,"href":"https:\/\/pixelgrafic.net\/es\/wp-json\/wp\/v2\/product_brand?post=2518"},{"taxonomy":"product_cat","embeddable":true,"href":"https:\/\/pixelgrafic.net\/es\/wp-json\/wp\/v2\/product_cat?post=2518"},{"taxonomy":"product_tag","embeddable":true,"href":"https:\/\/pixelgrafic.net\/es\/wp-json\/wp\/v2\/product_tag?post=2518"}],"curies":[{"name":"wp","href":"https:\/\/api.w.org\/{rel}","templated":true}]}}